{"id":4050,"date":"2025-05-08T18:23:05","date_gmt":"2025-05-08T16:23:05","guid":{"rendered":"https:\/\/neststylehotels.com\/aviso-legal-nest-style-santiago\/"},"modified":"2025-05-13T19:25:11","modified_gmt":"2025-05-13T17:25:11","slug":"legal-notice-nest-style-santiago","status":"publish","type":"page","link":"https:\/\/neststylehotels.com\/en\/legal-notice-nest-style-santiago\/","title":{"rendered":"Legal Notice Nest Style Santiago"},"content":{"rendered":"\t\t<div data-elementor-type=\"wp-page\" data-elementor-id=\"4050\" class=\"elementor elementor-4050 elementor-3659\" data-elementor-post-type=\"page\">\n\t\t\t\t\t\t<section class=\"elementor-section elementor-top-section elementor-element elementor-element-bbb25d5 elementor-section-height-min-height elementor-section-boxed elementor-section-height-default elementor-section-items-middle\" data-id=\"bbb25d5\" data-element_type=\"section\" data-settings=\"{&quot;jet_parallax_layout_list&quot;:[],&quot;background_background&quot;:&quot;classic&quot;}\">\n\t\t\t\t\t\t<div class=\"elementor-container elementor-column-gap-default\">\n\t\t\t\t\t<div class=\"elementor-column elementor-col-100 elementor-top-column elementor-element elementor-element-555bdab\" data-id=\"555bdab\" data-element_type=\"column\">\n\t\t\t<div class=\"elementor-widget-wrap\">\n\t\t\t\t\t\t\t<\/div>\n\t\t<\/div>\n\t\t\t\t\t<\/div>\n\t\t<\/section>\n\t\t\t\t<section class=\"elementor-section elementor-top-section elementor-element elementor-element-8c8c50b elementor-section-height-min-height elementor-section-boxed elementor-section-height-default elementor-section-items-middle\" data-id=\"8c8c50b\" data-element_type=\"section\" data-settings=\"{&quot;jet_parallax_layout_list&quot;:[],&quot;background_background&quot;:&quot;classic&quot;}\">\n\t\t\t\t\t\t<div class=\"elementor-container elementor-column-gap-default\">\n\t\t\t\t\t<div class=\"elementor-column elementor-col-100 elementor-top-column elementor-element elementor-element-cc2e3f6\" data-id=\"cc2e3f6\" data-element_type=\"column\">\n\t\t\t<div class=\"elementor-widget-wrap elementor-element-populated\">\n\t\t\t\t\t\t\t<\/div>\n\t\t<\/div>\n\t\t\t\t\t<\/div>\n\t\t<\/section>\n\t\t\t\t<section class=\"elementor-section elementor-top-section elementor-element elementor-element-3aa5401 elementor-section-height-min-height elementor-section-boxed elementor-section-height-default elementor-section-items-middle\" data-id=\"3aa5401\" data-element_type=\"section\" data-settings=\"{&quot;jet_parallax_layout_list&quot;:[]}\">\n\t\t\t\t\t\t<div class=\"elementor-container elementor-column-gap-default\">\n\t\t\t\t\t<div class=\"elementor-column elementor-col-100 elementor-top-column elementor-element elementor-element-41bc8ca\" data-id=\"41bc8ca\" data-element_type=\"column\">\n\t\t\t<div class=\"elementor-widget-wrap elementor-element-populated\">\n\t\t\t\t\t\t<div class=\"elementor-element elementor-element-ca14476 elementor-widget elementor-widget-heading\" data-id=\"ca14476\" data-element_type=\"widget\" data-widget_type=\"heading.default\">\n\t\t\t\t<div class=\"elementor-widget-container\">\n\t\t\t\t\t<h2 class=\"elementor-heading-title elementor-size-default\">Aviso legal<\/h2>\t\t\t\t<\/div>\n\t\t\t\t<\/div>\n\t\t\t\t<div class=\"elementor-element elementor-element-9231da3 elementor-widget elementor-widget-text-editor\" data-id=\"9231da3\" data-element_type=\"widget\" data-widget_type=\"text-editor.default\">\n\t\t\t\t<div class=\"elementor-widget-container\">\n\t\t\t\t\t\t\t\t\t<p>NEST STYLE SANTIAGO, S.L., con CIF B98588353 direcci\u00f3n Calle Serrano\u00a0Morales 9 &#8211; 1 1, 46004 Valencia, Valencia\u00a0(Espa\u00f1a) no puede asumir ninguna responsabilidad derivada del uso incorrecto, inapropiado o il\u00edcito de la informaci\u00f3n aparecida en las p\u00e1ginas de Internet de www.neststylehotels.com\/alojamiento\/nest-style-santiago\/.<\/p><p>\u00a0<\/p><p>Con los l\u00edmites establecidos en la ley, www.neststylehotels.com\/alojamiento\/nest-style-santiago\/no asume ninguna responsabilidad derivada de la falta de veracidad, integridad, actualizaci\u00f3n y precisi\u00f3n de los datos o informaciones que se contienen en sus p\u00e1ginas de Internet.<\/p><p>\u00a0<\/p><p>Los contenidos e informaci\u00f3n no vinculan a www.neststylehotels.com\/alojamiento\/nest-style-santiago\/ ni constituyen opiniones, consejos o asesoramiento legal de ning\u00fan tipo pues se trata meramente de un servicio ofrecido con car\u00e1cter informativo y divulgativo.<\/p><p>\u00a0<\/p><p>Las p\u00e1ginas de Internet de www.neststylehotels.com\/alojamiento\/nest-style-santiago\/ pueden contener enlaces (links) a otras p\u00e1ginas de terceras partes que www.neststylehotels.com\/alojamiento\/nest-style-santiago\/ no puede controlar. Por lo tanto, www.neststylehotels.com\/alojamiento\/nest-style-santiago\/ no puede asumir responsabilidades por el contenido que pueda aparecer en p\u00e1ginas de terceros.<\/p><p>Los textos, im\u00e1genes, sonidos, animaciones, software y el resto de contenidos incluidos en este website son propiedad exclusiva de www.neststylehotels.com\/alojamiento\/nest-style-santiago\/ o sus licenciantes. Cualquier acto de transmisi\u00f3n, distribuci\u00f3n, cesi\u00f3n, reproducci\u00f3n, almacenamiento o comunicaci\u00f3n p\u00fablica total o parcial, debe contar con el consentimiento expreso de www.neststylehotels.com\/alojamiento\/nest-style-santiago\/.<\/p><p>\u00a0<\/p><p>Asimismo, para acceder a algunos de los servicios que www.neststylehotels.com\/alojamiento\/nest-style-santiago\/ ofrece a trav\u00e9s del website deber\u00e1 proporcionar algunos datos de car\u00e1cter personal. En cumplimiento de lo establecido en la Ley Org\u00e1nica 15\/1999, de 13 de diciembre, de Protecci\u00f3n de Datos de Car\u00e1cter Personal le informamos que, mediante la cumplimentaci\u00f3n de los presentes formularios, sus datos personales quedar\u00e1n incorporados y ser\u00e1n tratados en los ficheros de NEST STYLE SANTIAGO, S.L. con el fin de poderle prestar y ofrecer nuestros servicios, as\u00ed como para informarle de las mejoras del sitio Web. Asimismo, le informamos de la posibilidad de que ejerza los derechos de acceso, rectificaci\u00f3n, cancelaci\u00f3n y oposici\u00f3n de sus datos de car\u00e1cter personal, manera gratuita mediante email a notifications@www.neststylehotels.com o en la direcci\u00f3n Calle Serrano Morales 9 &#8211; 1 1, 46004 Valencia, Valencia (Espa\u00f1a).<\/p>\t\t\t\t\t\t\t\t<\/div>\n\t\t\t\t<\/div>\n\t\t\t\t\t<\/div>\n\t\t<\/div>\n\t\t\t\t\t<\/div>\n\t\t<\/section>\n\t\t\t\t<\/div>\n\t\t","protected":false},"excerpt":{"rendered":"<p>Aviso legal NEST STYLE SANTIAGO, S.L., con CIF B98588353 direcci\u00f3n Calle Serrano\u00a0Morales 9 &#8211; 1 1, 46004 Valencia, Valencia\u00a0(Espa\u00f1a) no puede asumir ninguna responsabilidad derivada del uso incorrecto, inapropiado o il\u00edcito de la informaci\u00f3n aparecida en las p\u00e1ginas de Internet de www.neststylehotels.com\/alojamiento\/nest-style-santiago\/. Con los l\u00edmites establecidos en la ley, www.neststylehotels.com\/alojamiento\/nest-style-santiago\/no asume ninguna responsabilidad derivada de [&hellip;]<\/p>\n","protected":false},"author":2,"featured_media":0,"parent":0,"menu_order":0,"comment_status":"closed","ping_status":"closed","template":"","meta":{"inline_featured_image":false,"footnotes":""},"class_list":["post-4050","page","type-page","status-publish","hentry"],"yoast_head":"<!-- This site is optimized with the Yoast SEO plugin v24.5 - https:\/\/yoast.com\/wordpress\/plugins\/seo\/ -->\n<title>Legal Notice Nest Style Santiago - Nest Style Hotels|Hotels in Granada, Santiago de Compostela and Zanzibar<\/title>\n<meta name=\"robots\" content=\"index, follow, max-snippet:-1, max-image-preview:large, max-video-preview:-1\" \/>\n<link rel=\"canonical\" href=\"https:\/\/neststylehotels.com\/en\/legal-notice-nest-style-santiago\/\" \/>\n<meta property=\"og:locale\" content=\"en_US\" \/>\n<meta property=\"og:type\" content=\"article\" \/>\n<meta property=\"og:title\" content=\"Legal Notice Nest Style Santiago - Nest Style Hotels|Hotels in Granada, Santiago de Compostela and Zanzibar\" \/>\n<meta property=\"og:description\" content=\"Aviso legal NEST STYLE SANTIAGO, S.L., con CIF B98588353 direcci\u00f3n Calle Serrano\u00a0Morales 9 &#8211; 1 1, 46004 Valencia, Valencia\u00a0(Espa\u00f1a) no puede asumir ninguna responsabilidad derivada del uso incorrecto, inapropiado o il\u00edcito de la informaci\u00f3n aparecida en las p\u00e1ginas de Internet de www.neststylehotels.com\/alojamiento\/nest-style-santiago\/. Con los l\u00edmites establecidos en la ley, www.neststylehotels.com\/alojamiento\/nest-style-santiago\/no asume ninguna responsabilidad derivada de [&hellip;]\" \/>\n<meta property=\"og:url\" content=\"https:\/\/neststylehotels.com\/en\/legal-notice-nest-style-santiago\/\" \/>\n<meta property=\"og:site_name\" content=\"Nest Style Hotels|Hotels in Granada, Santiago de Compostela and Zanzibar\" \/>\n<meta property=\"article:modified_time\" content=\"2025-05-13T17:25:11+00:00\" \/>\n<meta name=\"twitter:card\" content=\"summary_large_image\" \/>\n<meta name=\"twitter:label1\" content=\"Est. reading time\" \/>\n\t<meta name=\"twitter:data1\" content=\"2 minutes\" \/>\n<script type=\"application\/ld+json\" class=\"yoast-schema-graph\">{\"@context\":\"https:\/\/schema.org\",\"@graph\":[{\"@type\":\"WebPage\",\"@id\":\"https:\/\/neststylehotels.com\/en\/legal-notice-nest-style-santiago\/\",\"url\":\"https:\/\/neststylehotels.com\/en\/legal-notice-nest-style-santiago\/\",\"name\":\"Legal Notice Nest Style Santiago - Nest Style Hotels|Hotels in Granada, Santiago de Compostela and Zanzibar\",\"isPartOf\":{\"@id\":\"https:\/\/neststylehotels.com\/en\/#website\"},\"datePublished\":\"2025-05-08T16:23:05+00:00\",\"dateModified\":\"2025-05-13T17:25:11+00:00\",\"breadcrumb\":{\"@id\":\"https:\/\/neststylehotels.com\/en\/legal-notice-nest-style-santiago\/#breadcrumb\"},\"inLanguage\":\"en-US\",\"potentialAction\":[{\"@type\":\"ReadAction\",\"target\":[\"https:\/\/neststylehotels.com\/en\/legal-notice-nest-style-santiago\/\"]}]},{\"@type\":\"BreadcrumbList\",\"@id\":\"https:\/\/neststylehotels.com\/en\/legal-notice-nest-style-santiago\/#breadcrumb\",\"itemListElement\":[{\"@type\":\"ListItem\",\"position\":1,\"name\":\"Inicio\",\"item\":\"https:\/\/neststylehotels.com\/en\/\"},{\"@type\":\"ListItem\",\"position\":2,\"name\":\"Legal Notice Nest Style Santiago\"}]},{\"@type\":\"WebSite\",\"@id\":\"https:\/\/neststylehotels.com\/en\/#website\",\"url\":\"https:\/\/neststylehotels.com\/en\/\",\"name\":\"Nest Style Hotels|Hotels in Granada, Santiago de Compostela and Zanzibar\",\"description\":\"Nest Style Hotels\",\"publisher\":{\"@id\":\"https:\/\/neststylehotels.com\/en\/#organization\"},\"potentialAction\":[{\"@type\":\"SearchAction\",\"target\":{\"@type\":\"EntryPoint\",\"urlTemplate\":\"https:\/\/neststylehotels.com\/en\/?s={search_term_string}\"},\"query-input\":{\"@type\":\"PropertyValueSpecification\",\"valueRequired\":true,\"valueName\":\"search_term_string\"}}],\"inLanguage\":\"en-US\"},{\"@type\":\"Organization\",\"@id\":\"https:\/\/neststylehotels.com\/en\/#organization\",\"name\":\"Nest Style Hotels|Hotels in Granada, Santiago de Compostela and Zanzibar\",\"url\":\"https:\/\/neststylehotels.com\/en\/\",\"logo\":{\"@type\":\"ImageObject\",\"inLanguage\":\"en-US\",\"@id\":\"https:\/\/neststylehotels.com\/en\/#\/schema\/logo\/image\/\",\"url\":\"https:\/\/neststylehotels.com\/wp-content\/uploads\/2023\/03\/nest_logo_positivo.svg\",\"contentUrl\":\"https:\/\/neststylehotels.com\/wp-content\/uploads\/2023\/03\/nest_logo_positivo.svg\",\"width\":284.30000000000001136868377216160297393798828125,\"height\":130.280000000000001136868377216160297393798828125,\"caption\":\"Nest Style Hotels|Hotels in Granada, Santiago de Compostela and Zanzibar\"},\"image\":{\"@id\":\"https:\/\/neststylehotels.com\/en\/#\/schema\/logo\/image\/\"}}]}<\/script>\n<!-- \/ Yoast SEO plugin. -->","yoast_head_json":{"title":"Legal Notice Nest Style Santiago - Nest Style Hotels|Hotels in Granada, Santiago de Compostela and Zanzibar","robots":{"index":"index","follow":"follow","max-snippet":"max-snippet:-1","max-image-preview":"max-image-preview:large","max-video-preview":"max-video-preview:-1"},"canonical":"https:\/\/neststylehotels.com\/en\/legal-notice-nest-style-santiago\/","og_locale":"en_US","og_type":"article","og_title":"Legal Notice Nest Style Santiago - Nest Style Hotels|Hotels in Granada, Santiago de Compostela and Zanzibar","og_description":"Aviso legal NEST STYLE SANTIAGO, S.L., con CIF B98588353 direcci\u00f3n Calle Serrano\u00a0Morales 9 &#8211; 1 1, 46004 Valencia, Valencia\u00a0(Espa\u00f1a) no puede asumir ninguna responsabilidad derivada del uso incorrecto, inapropiado o il\u00edcito de la informaci\u00f3n aparecida en las p\u00e1ginas de Internet de www.neststylehotels.com\/alojamiento\/nest-style-santiago\/. Con los l\u00edmites establecidos en la ley, www.neststylehotels.com\/alojamiento\/nest-style-santiago\/no asume ninguna responsabilidad derivada de [&hellip;]","og_url":"https:\/\/neststylehotels.com\/en\/legal-notice-nest-style-santiago\/","og_site_name":"Nest Style Hotels|Hotels in Granada, Santiago de Compostela and Zanzibar","article_modified_time":"2025-05-13T17:25:11+00:00","twitter_card":"summary_large_image","twitter_misc":{"Est. reading time":"2 minutes"},"schema":{"@context":"https:\/\/schema.org","@graph":[{"@type":"WebPage","@id":"https:\/\/neststylehotels.com\/en\/legal-notice-nest-style-santiago\/","url":"https:\/\/neststylehotels.com\/en\/legal-notice-nest-style-santiago\/","name":"Legal Notice Nest Style Santiago - Nest Style Hotels|Hotels in Granada, Santiago de Compostela and Zanzibar","isPartOf":{"@id":"https:\/\/neststylehotels.com\/en\/#website"},"datePublished":"2025-05-08T16:23:05+00:00","dateModified":"2025-05-13T17:25:11+00:00","breadcrumb":{"@id":"https:\/\/neststylehotels.com\/en\/legal-notice-nest-style-santiago\/#breadcrumb"},"inLanguage":"en-US","potentialAction":[{"@type":"ReadAction","target":["https:\/\/neststylehotels.com\/en\/legal-notice-nest-style-santiago\/"]}]},{"@type":"BreadcrumbList","@id":"https:\/\/neststylehotels.com\/en\/legal-notice-nest-style-santiago\/#breadcrumb","itemListElement":[{"@type":"ListItem","position":1,"name":"Inicio","item":"https:\/\/neststylehotels.com\/en\/"},{"@type":"ListItem","position":2,"name":"Legal Notice Nest Style Santiago"}]},{"@type":"WebSite","@id":"https:\/\/neststylehotels.com\/en\/#website","url":"https:\/\/neststylehotels.com\/en\/","name":"Nest Style Hotels|Hotels in Granada, Santiago de Compostela and Zanzibar","description":"Nest Style Hotels","publisher":{"@id":"https:\/\/neststylehotels.com\/en\/#organization"},"potentialAction":[{"@type":"SearchAction","target":{"@type":"EntryPoint","urlTemplate":"https:\/\/neststylehotels.com\/en\/?s={search_term_string}"},"query-input":{"@type":"PropertyValueSpecification","valueRequired":true,"valueName":"search_term_string"}}],"inLanguage":"en-US"},{"@type":"Organization","@id":"https:\/\/neststylehotels.com\/en\/#organization","name":"Nest Style Hotels|Hotels in Granada, Santiago de Compostela and Zanzibar","url":"https:\/\/neststylehotels.com\/en\/","logo":{"@type":"ImageObject","inLanguage":"en-US","@id":"https:\/\/neststylehotels.com\/en\/#\/schema\/logo\/image\/","url":"https:\/\/neststylehotels.com\/wp-content\/uploads\/2023\/03\/nest_logo_positivo.svg","contentUrl":"https:\/\/neststylehotels.com\/wp-content\/uploads\/2023\/03\/nest_logo_positivo.svg","width":284.30000000000001136868377216160297393798828125,"height":130.280000000000001136868377216160297393798828125,"caption":"Nest Style Hotels|Hotels in Granada, Santiago de Compostela and Zanzibar"},"image":{"@id":"https:\/\/neststylehotels.com\/en\/#\/schema\/logo\/image\/"}}]}},"_links":{"self":[{"href":"https:\/\/neststylehotels.com\/en\/wp-json\/wp\/v2\/pages\/4050","targetHints":{"allow":["GET"]}}],"collection":[{"href":"https:\/\/neststylehotels.com\/en\/wp-json\/wp\/v2\/pages"}],"about":[{"href":"https:\/\/neststylehotels.com\/en\/wp-json\/wp\/v2\/types\/page"}],"author":[{"embeddable":true,"href":"https:\/\/neststylehotels.com\/en\/wp-json\/wp\/v2\/users\/2"}],"replies":[{"embeddable":true,"href":"https:\/\/neststylehotels.com\/en\/wp-json\/wp\/v2\/comments?post=4050"}],"version-history":[{"count":1,"href":"https:\/\/neststylehotels.com\/en\/wp-json\/wp\/v2\/pages\/4050\/revisions"}],"predecessor-version":[{"id":4051,"href":"https:\/\/neststylehotels.com\/en\/wp-json\/wp\/v2\/pages\/4050\/revisions\/4051"}],"wp:attachment":[{"href":"https:\/\/neststylehotels.com\/en\/wp-json\/wp\/v2\/media?parent=4050"}],"curies":[{"name":"wp","href":"https:\/\/api.w.org\/{rel}","templated":true}]}}