{"id":4052,"date":"2025-05-08T19:33:49","date_gmt":"2025-05-08T17:33:49","guid":{"rendered":"https:\/\/neststylehotels.com\/aviso-legal-y-politicas-de-privacidad-nest-el-camino\/"},"modified":"2025-05-13T19:37:15","modified_gmt":"2025-05-13T17:37:15","slug":"legal-notice-and-privacy-policy-nest-el-camino","status":"publish","type":"page","link":"https:\/\/neststylehotels.com\/en\/legal-notice-and-privacy-policy-nest-el-camino\/","title":{"rendered":"Legal Notice and Privacy Policy Nest El Camino"},"content":{"rendered":"\t\t<div data-elementor-type=\"wp-page\" data-elementor-id=\"4052\" class=\"elementor elementor-4052 elementor-3647\" data-elementor-post-type=\"page\">\n\t\t\t\t\t\t<section class=\"elementor-section elementor-top-section elementor-element elementor-element-bbb25d5 elementor-section-height-min-height elementor-section-boxed elementor-section-height-default elementor-section-items-middle\" data-id=\"bbb25d5\" data-element_type=\"section\" data-settings=\"{&quot;jet_parallax_layout_list&quot;:[],&quot;background_background&quot;:&quot;classic&quot;}\">\n\t\t\t\t\t\t<div class=\"elementor-container elementor-column-gap-default\">\n\t\t\t\t\t<div class=\"elementor-column elementor-col-100 elementor-top-column elementor-element elementor-element-555bdab\" data-id=\"555bdab\" data-element_type=\"column\">\n\t\t\t<div class=\"elementor-widget-wrap\">\n\t\t\t\t\t\t\t<\/div>\n\t\t<\/div>\n\t\t\t\t\t<\/div>\n\t\t<\/section>\n\t\t\t\t<section class=\"elementor-section elementor-top-section elementor-element elementor-element-8c8c50b elementor-section-height-min-height elementor-section-boxed elementor-section-height-default elementor-section-items-middle\" data-id=\"8c8c50b\" data-element_type=\"section\" data-settings=\"{&quot;jet_parallax_layout_list&quot;:[],&quot;background_background&quot;:&quot;classic&quot;}\">\n\t\t\t\t\t\t<div class=\"elementor-container elementor-column-gap-default\">\n\t\t\t\t\t<div class=\"elementor-column elementor-col-100 elementor-top-column elementor-element elementor-element-cc2e3f6\" data-id=\"cc2e3f6\" data-element_type=\"column\">\n\t\t\t<div class=\"elementor-widget-wrap elementor-element-populated\">\n\t\t\t\t\t\t\t<\/div>\n\t\t<\/div>\n\t\t\t\t\t<\/div>\n\t\t<\/section>\n\t\t\t\t<section class=\"elementor-section elementor-top-section elementor-element elementor-element-3aa5401 elementor-section-height-min-height elementor-section-boxed elementor-section-height-default elementor-section-items-middle\" data-id=\"3aa5401\" data-element_type=\"section\" data-settings=\"{&quot;jet_parallax_layout_list&quot;:[]}\">\n\t\t\t\t\t\t<div class=\"elementor-container elementor-column-gap-default\">\n\t\t\t\t\t<div class=\"elementor-column elementor-col-100 elementor-top-column elementor-element elementor-element-41bc8ca\" data-id=\"41bc8ca\" data-element_type=\"column\">\n\t\t\t<div class=\"elementor-widget-wrap elementor-element-populated\">\n\t\t\t\t\t\t<div class=\"elementor-element elementor-element-ca14476 elementor-widget elementor-widget-heading\" data-id=\"ca14476\" data-element_type=\"widget\" data-widget_type=\"heading.default\">\n\t\t\t\t<div class=\"elementor-widget-container\">\n\t\t\t\t\t<h2 class=\"elementor-heading-title elementor-size-default\">Aviso legal y pol\u00edticas de privacidad<\/h2>\t\t\t\t<\/div>\n\t\t\t\t<\/div>\n\t\t\t\t<div class=\"elementor-element elementor-element-9231da3 elementor-widget elementor-widget-text-editor\" data-id=\"9231da3\" data-element_type=\"widget\" data-widget_type=\"text-editor.default\">\n\t\t\t\t<div class=\"elementor-widget-container\">\n\t\t\t\t\t\t\t\t\t<p>INFORMACI\u00d3N ADICIONAL<\/p><p>En cumplimiento de la normativa de Protecci\u00f3n de Datos y teniendo en cuenta<\/p><p>las disposiciones del Reglamento (UE) 2016\/679 del Parlamento Europeo y del Consejo, de 27 de abril de 2016, relativo a la protecci\u00f3n de las personas<\/p><p>f\u00edsicas en lo que respecta al tratamiento de datos personales y a la libre circulaci\u00f3n de estos datos y por el que deroga la Directiva 95\/46\/CE,<\/p><p>especialmente sus art\u00edculos 13 y 14, a continuaci\u00f3n se le proporciona un cuadro informativo en que podr\u00e1 conocer todos los elementos relevante<\/p><p>relativos al tratamiento de su datos:<\/p><p>RESPONSABLE<\/p><p>Faro Entallada S.L.<br \/>\u00a0CIF: B40578072<\/p><p>Calle Santa Maria Micaela Pta 18 , 46008 Valencia-Valencia<\/p><p><a href=\"mailto:moises@nestyh.com\"><u>moises@nestyh.com<\/u><\/a><br \/>\u00a0<\/p><p>FINALIDAD<br \/>\u00a0<\/p><ul><li>Los datos facilitados se usar\u00e1n para llevar a cabo el servicio contratado.<\/li><li>Con el fin de mejorar nuestros servicios y poder ofrecerle una oferta personalizada acorde a sus preferencias e intereses, se le ofrece la posibilidad de<\/li><\/ul><p>recibir comunicaciones comerciales relativas a los servicios que ofrece esta empresa, as\u00ed como ofertas y promociones, elaborando un perfil relativos a<\/p><p>sus h\u00e1bitos de consumo en base a la informaci\u00f3n que se suministra relativa a sus h\u00e1bitos de consumo.<\/p><ul><li>Los datos ser\u00e1n conservados durante el periodo de desarrollo de la relaci\u00f3n contractual o, en su defecto, en tanto usted no revoque su<\/li><\/ul><p>consentimiento a este tratamiento.<\/p><ul><li>No se prev\u00e9n ulteriores tratamientos ajenos a los indicados en la presente relaciones, tales como la remisi\u00f3n de informaci\u00f3n comercial o suscripciones<\/li><\/ul><p>a canales de informaci\u00f3n.<br \/>\u00a0<\/p><p>LEGITIMACI\u00d3N<br \/>\u00a0<\/p><ul><li>La base legal para el tratamiento de sus datos obedece a la ejecuci\u00f3n del contrato de prestaci\u00f3n de servicios, que se desarrolla conforma a los<\/li><\/ul><p>t\u00e9rminos y cl\u00e1usulas indicadas en el mismo. A este respecto, la retirada de su consentimiento no puede condicionar dicha ejecuci\u00f3n, en tanto el<\/p><p>contrato se mantenga vigente, siendo necesario el tiramiento de sus datos para su efectivo cumplimiento.<br \/>\u00a0<\/p><p>DESTINATARIOS<br \/>\u00a0<\/p><ul><li>Sus datos ser\u00e1n comunicados de forma interna entre las distintas oficinas de la empresa para llevar a cabo los oportunos tr\u00e1mites y procesos<\/li><\/ul><p>administrativos.<\/p><ul><li>No se prev\u00e9n transferencias internacionales de sus datos.<\/li><\/ul><p>DERECHOS<br \/>\u00a0<\/p><ul><li>Adem\u00e1s de los derechos de acceso, rectificaci\u00f3n, cancelaci\u00f3n o supresi\u00f3n, usted tiene derecho a portar sus datos y a recibir informaci\u00f3n de forma<\/li><\/ul><p>clara y transparente sobre el tratamiento que se realice sobre los mismos.<\/p><ul><li>Usted tiene derecho a llevar a cabo cualquier reclamaci\u00f3n que estime conveniente ante la Autoridad de Control nacional, a la Agencia Espa\u00f1ola de<\/li><\/ul><p>Protecci\u00f3n de Datos (AEPD), la cual pone a disposici\u00f3n de los usuarios los oportunos medios para poder llevar a cabo este tr\u00e1mite. Puede obtener m\u00e1s<\/p><p>informaci\u00f3n aqu\u00ed: https:\/\/www.agpd.es\/portalwebAGPD\/CanalDelCiudadano\/index-ides- idphp.php.<\/p><p>\u00a0<\/p>\t\t\t\t\t\t\t\t<\/div>\n\t\t\t\t<\/div>\n\t\t\t\t\t<\/div>\n\t\t<\/div>\n\t\t\t\t\t<\/div>\n\t\t<\/section>\n\t\t\t\t<\/div>\n\t\t","protected":false},"excerpt":{"rendered":"<p>Aviso legal y pol\u00edticas de privacidad INFORMACI\u00d3N ADICIONAL En cumplimiento de la normativa de Protecci\u00f3n de Datos y teniendo en cuenta las disposiciones del Reglamento (UE) 2016\/679 del Parlamento Europeo y del Consejo, de 27 de abril de 2016, relativo a la protecci\u00f3n de las personas f\u00edsicas en lo que respecta al tratamiento de datos [&hellip;]<\/p>\n","protected":false},"author":2,"featured_media":0,"parent":0,"menu_order":0,"comment_status":"closed","ping_status":"closed","template":"","meta":{"inline_featured_image":false,"footnotes":""},"class_list":["post-4052","page","type-page","status-publish","hentry"],"yoast_head":"<!-- This site is optimized with the Yoast SEO plugin v24.5 - https:\/\/yoast.com\/wordpress\/plugins\/seo\/ -->\n<title>Legal Notice and Privacy Policy Nest El Camino - Nest Style Hotels|Hotels in Granada, Santiago de Compostela and Zanzibar<\/title>\n<meta name=\"robots\" content=\"index, follow, max-snippet:-1, max-image-preview:large, max-video-preview:-1\" \/>\n<link rel=\"canonical\" href=\"https:\/\/neststylehotels.com\/en\/legal-notice-and-privacy-policy-nest-el-camino\/\" \/>\n<meta property=\"og:locale\" content=\"en_US\" \/>\n<meta property=\"og:type\" content=\"article\" \/>\n<meta property=\"og:title\" content=\"Legal Notice and Privacy Policy Nest El Camino - Nest Style Hotels|Hotels in Granada, Santiago de Compostela and Zanzibar\" \/>\n<meta property=\"og:description\" content=\"Aviso legal y pol\u00edticas de privacidad INFORMACI\u00d3N ADICIONAL En cumplimiento de la normativa de Protecci\u00f3n de Datos y teniendo en cuenta las disposiciones del Reglamento (UE) 2016\/679 del Parlamento Europeo y del Consejo, de 27 de abril de 2016, relativo a la protecci\u00f3n de las personas f\u00edsicas en lo que respecta al tratamiento de datos [&hellip;]\" \/>\n<meta property=\"og:url\" content=\"https:\/\/neststylehotels.com\/en\/legal-notice-and-privacy-policy-nest-el-camino\/\" \/>\n<meta property=\"og:site_name\" content=\"Nest Style Hotels|Hotels in Granada, Santiago de Compostela and Zanzibar\" \/>\n<meta property=\"article:modified_time\" content=\"2025-05-13T17:37:15+00:00\" \/>\n<meta name=\"twitter:card\" content=\"summary_large_image\" \/>\n<meta name=\"twitter:label1\" content=\"Est. reading time\" \/>\n\t<meta name=\"twitter:data1\" content=\"2 minutes\" \/>\n<script type=\"application\/ld+json\" class=\"yoast-schema-graph\">{\"@context\":\"https:\/\/schema.org\",\"@graph\":[{\"@type\":\"WebPage\",\"@id\":\"https:\/\/neststylehotels.com\/en\/legal-notice-and-privacy-policy-nest-el-camino\/\",\"url\":\"https:\/\/neststylehotels.com\/en\/legal-notice-and-privacy-policy-nest-el-camino\/\",\"name\":\"Legal Notice and Privacy Policy Nest El Camino - Nest Style Hotels|Hotels in Granada, Santiago de Compostela and Zanzibar\",\"isPartOf\":{\"@id\":\"https:\/\/neststylehotels.com\/en\/#website\"},\"datePublished\":\"2025-05-08T17:33:49+00:00\",\"dateModified\":\"2025-05-13T17:37:15+00:00\",\"breadcrumb\":{\"@id\":\"https:\/\/neststylehotels.com\/en\/legal-notice-and-privacy-policy-nest-el-camino\/#breadcrumb\"},\"inLanguage\":\"en-US\",\"potentialAction\":[{\"@type\":\"ReadAction\",\"target\":[\"https:\/\/neststylehotels.com\/en\/legal-notice-and-privacy-policy-nest-el-camino\/\"]}]},{\"@type\":\"BreadcrumbList\",\"@id\":\"https:\/\/neststylehotels.com\/en\/legal-notice-and-privacy-policy-nest-el-camino\/#breadcrumb\",\"itemListElement\":[{\"@type\":\"ListItem\",\"position\":1,\"name\":\"Inicio\",\"item\":\"https:\/\/neststylehotels.com\/en\/\"},{\"@type\":\"ListItem\",\"position\":2,\"name\":\"Legal Notice and Privacy Policy Nest El Camino\"}]},{\"@type\":\"WebSite\",\"@id\":\"https:\/\/neststylehotels.com\/en\/#website\",\"url\":\"https:\/\/neststylehotels.com\/en\/\",\"name\":\"Nest Style Hotels|Hotels in Granada, Santiago de Compostela and Zanzibar\",\"description\":\"Nest Style Hotels\",\"publisher\":{\"@id\":\"https:\/\/neststylehotels.com\/en\/#organization\"},\"potentialAction\":[{\"@type\":\"SearchAction\",\"target\":{\"@type\":\"EntryPoint\",\"urlTemplate\":\"https:\/\/neststylehotels.com\/en\/?s={search_term_string}\"},\"query-input\":{\"@type\":\"PropertyValueSpecification\",\"valueRequired\":true,\"valueName\":\"search_term_string\"}}],\"inLanguage\":\"en-US\"},{\"@type\":\"Organization\",\"@id\":\"https:\/\/neststylehotels.com\/en\/#organization\",\"name\":\"Nest Style Hotels|Hotels in Granada, Santiago de Compostela and Zanzibar\",\"url\":\"https:\/\/neststylehotels.com\/en\/\",\"logo\":{\"@type\":\"ImageObject\",\"inLanguage\":\"en-US\",\"@id\":\"https:\/\/neststylehotels.com\/en\/#\/schema\/logo\/image\/\",\"url\":\"https:\/\/neststylehotels.com\/wp-content\/uploads\/2023\/03\/nest_logo_positivo.svg\",\"contentUrl\":\"https:\/\/neststylehotels.com\/wp-content\/uploads\/2023\/03\/nest_logo_positivo.svg\",\"width\":284.30000000000001136868377216160297393798828125,\"height\":130.280000000000001136868377216160297393798828125,\"caption\":\"Nest Style Hotels|Hotels in Granada, Santiago de Compostela and Zanzibar\"},\"image\":{\"@id\":\"https:\/\/neststylehotels.com\/en\/#\/schema\/logo\/image\/\"}}]}<\/script>\n<!-- \/ Yoast SEO plugin. -->","yoast_head_json":{"title":"Legal Notice and Privacy Policy Nest El Camino - Nest Style Hotels|Hotels in Granada, Santiago de Compostela and Zanzibar","robots":{"index":"index","follow":"follow","max-snippet":"max-snippet:-1","max-image-preview":"max-image-preview:large","max-video-preview":"max-video-preview:-1"},"canonical":"https:\/\/neststylehotels.com\/en\/legal-notice-and-privacy-policy-nest-el-camino\/","og_locale":"en_US","og_type":"article","og_title":"Legal Notice and Privacy Policy Nest El Camino - Nest Style Hotels|Hotels in Granada, Santiago de Compostela and Zanzibar","og_description":"Aviso legal y pol\u00edticas de privacidad INFORMACI\u00d3N ADICIONAL En cumplimiento de la normativa de Protecci\u00f3n de Datos y teniendo en cuenta las disposiciones del Reglamento (UE) 2016\/679 del Parlamento Europeo y del Consejo, de 27 de abril de 2016, relativo a la protecci\u00f3n de las personas f\u00edsicas en lo que respecta al tratamiento de datos [&hellip;]","og_url":"https:\/\/neststylehotels.com\/en\/legal-notice-and-privacy-policy-nest-el-camino\/","og_site_name":"Nest Style Hotels|Hotels in Granada, Santiago de Compostela and Zanzibar","article_modified_time":"2025-05-13T17:37:15+00:00","twitter_card":"summary_large_image","twitter_misc":{"Est. reading time":"2 minutes"},"schema":{"@context":"https:\/\/schema.org","@graph":[{"@type":"WebPage","@id":"https:\/\/neststylehotels.com\/en\/legal-notice-and-privacy-policy-nest-el-camino\/","url":"https:\/\/neststylehotels.com\/en\/legal-notice-and-privacy-policy-nest-el-camino\/","name":"Legal Notice and Privacy Policy Nest El Camino - Nest Style Hotels|Hotels in Granada, Santiago de Compostela and Zanzibar","isPartOf":{"@id":"https:\/\/neststylehotels.com\/en\/#website"},"datePublished":"2025-05-08T17:33:49+00:00","dateModified":"2025-05-13T17:37:15+00:00","breadcrumb":{"@id":"https:\/\/neststylehotels.com\/en\/legal-notice-and-privacy-policy-nest-el-camino\/#breadcrumb"},"inLanguage":"en-US","potentialAction":[{"@type":"ReadAction","target":["https:\/\/neststylehotels.com\/en\/legal-notice-and-privacy-policy-nest-el-camino\/"]}]},{"@type":"BreadcrumbList","@id":"https:\/\/neststylehotels.com\/en\/legal-notice-and-privacy-policy-nest-el-camino\/#breadcrumb","itemListElement":[{"@type":"ListItem","position":1,"name":"Inicio","item":"https:\/\/neststylehotels.com\/en\/"},{"@type":"ListItem","position":2,"name":"Legal Notice and Privacy Policy Nest El Camino"}]},{"@type":"WebSite","@id":"https:\/\/neststylehotels.com\/en\/#website","url":"https:\/\/neststylehotels.com\/en\/","name":"Nest Style Hotels|Hotels in Granada, Santiago de Compostela and Zanzibar","description":"Nest Style Hotels","publisher":{"@id":"https:\/\/neststylehotels.com\/en\/#organization"},"potentialAction":[{"@type":"SearchAction","target":{"@type":"EntryPoint","urlTemplate":"https:\/\/neststylehotels.com\/en\/?s={search_term_string}"},"query-input":{"@type":"PropertyValueSpecification","valueRequired":true,"valueName":"search_term_string"}}],"inLanguage":"en-US"},{"@type":"Organization","@id":"https:\/\/neststylehotels.com\/en\/#organization","name":"Nest Style Hotels|Hotels in Granada, Santiago de Compostela and Zanzibar","url":"https:\/\/neststylehotels.com\/en\/","logo":{"@type":"ImageObject","inLanguage":"en-US","@id":"https:\/\/neststylehotels.com\/en\/#\/schema\/logo\/image\/","url":"https:\/\/neststylehotels.com\/wp-content\/uploads\/2023\/03\/nest_logo_positivo.svg","contentUrl":"https:\/\/neststylehotels.com\/wp-content\/uploads\/2023\/03\/nest_logo_positivo.svg","width":284.30000000000001136868377216160297393798828125,"height":130.280000000000001136868377216160297393798828125,"caption":"Nest Style Hotels|Hotels in Granada, Santiago de Compostela and Zanzibar"},"image":{"@id":"https:\/\/neststylehotels.com\/en\/#\/schema\/logo\/image\/"}}]}},"_links":{"self":[{"href":"https:\/\/neststylehotels.com\/en\/wp-json\/wp\/v2\/pages\/4052","targetHints":{"allow":["GET"]}}],"collection":[{"href":"https:\/\/neststylehotels.com\/en\/wp-json\/wp\/v2\/pages"}],"about":[{"href":"https:\/\/neststylehotels.com\/en\/wp-json\/wp\/v2\/types\/page"}],"author":[{"embeddable":true,"href":"https:\/\/neststylehotels.com\/en\/wp-json\/wp\/v2\/users\/2"}],"replies":[{"embeddable":true,"href":"https:\/\/neststylehotels.com\/en\/wp-json\/wp\/v2\/comments?post=4052"}],"version-history":[{"count":2,"href":"https:\/\/neststylehotels.com\/en\/wp-json\/wp\/v2\/pages\/4052\/revisions"}],"predecessor-version":[{"id":4056,"href":"https:\/\/neststylehotels.com\/en\/wp-json\/wp\/v2\/pages\/4052\/revisions\/4056"}],"wp:attachment":[{"href":"https:\/\/neststylehotels.com\/en\/wp-json\/wp\/v2\/media?parent=4052"}],"curies":[{"name":"wp","href":"https:\/\/api.w.org\/{rel}","templated":true}]}}