{"id":4062,"date":"2025-02-26T13:58:36","date_gmt":"2025-02-26T12:58:36","guid":{"rendered":"https:\/\/neststylehotels.com\/politica-privacidad-nest-flats-granada\/"},"modified":"2025-05-14T11:56:17","modified_gmt":"2025-05-14T09:56:17","slug":"privacy-policy-nest-flats-granada","status":"publish","type":"page","link":"https:\/\/neststylehotels.com\/en\/privacy-policy-nest-flats-granada\/","title":{"rendered":"Privacy Policy Nest Flats Granada"},"content":{"rendered":"\t\t<div data-elementor-type=\"wp-page\" data-elementor-id=\"4062\" class=\"elementor elementor-4062 elementor-3420\" data-elementor-post-type=\"page\">\n\t\t\t\t\t\t<section class=\"elementor-section elementor-top-section elementor-element elementor-element-38f13eb2 elementor-section-height-min-height elementor-section-boxed elementor-section-height-default elementor-section-items-middle\" data-id=\"38f13eb2\" data-element_type=\"section\" data-settings=\"{&quot;jet_parallax_layout_list&quot;:[],&quot;background_background&quot;:&quot;classic&quot;}\">\n\t\t\t\t\t\t<div class=\"elementor-container elementor-column-gap-default\">\n\t\t\t\t\t<div class=\"elementor-column elementor-col-100 elementor-top-column elementor-element elementor-element-14ba1298\" data-id=\"14ba1298\" data-element_type=\"column\">\n\t\t\t<div class=\"elementor-widget-wrap\">\n\t\t\t\t\t\t\t<\/div>\n\t\t<\/div>\n\t\t\t\t\t<\/div>\n\t\t<\/section>\n\t\t\t\t<section class=\"elementor-section elementor-top-section elementor-element elementor-element-55a2d1cf elementor-section-height-min-height elementor-section-boxed elementor-section-height-default elementor-section-items-middle\" data-id=\"55a2d1cf\" data-element_type=\"section\" data-settings=\"{&quot;jet_parallax_layout_list&quot;:[],&quot;background_background&quot;:&quot;classic&quot;}\">\n\t\t\t\t\t\t<div class=\"elementor-container elementor-column-gap-default\">\n\t\t\t\t\t<div class=\"elementor-column elementor-col-100 elementor-top-column elementor-element elementor-element-1832703f\" data-id=\"1832703f\" data-element_type=\"column\">\n\t\t\t<div class=\"elementor-widget-wrap elementor-element-populated\">\n\t\t\t\t\t\t\t<\/div>\n\t\t<\/div>\n\t\t\t\t\t<\/div>\n\t\t<\/section>\n\t\t\t\t<section class=\"elementor-section elementor-top-section elementor-element elementor-element-cf9e9b8 elementor-section-height-min-height elementor-section-boxed elementor-section-height-default elementor-section-items-middle\" data-id=\"cf9e9b8\" data-element_type=\"section\" data-settings=\"{&quot;jet_parallax_layout_list&quot;:[]}\">\n\t\t\t\t\t\t<div class=\"elementor-container elementor-column-gap-default\">\n\t\t\t\t\t<div class=\"elementor-column elementor-col-100 elementor-top-column elementor-element elementor-element-19f50875\" data-id=\"19f50875\" data-element_type=\"column\">\n\t\t\t<div class=\"elementor-widget-wrap elementor-element-populated\">\n\t\t\t\t\t\t<div class=\"elementor-element elementor-element-14f56630 elementor-widget elementor-widget-heading\" data-id=\"14f56630\" data-element_type=\"widget\" data-widget_type=\"heading.default\">\n\t\t\t\t<div class=\"elementor-widget-container\">\n\t\t\t\t\t<h2 class=\"elementor-heading-title elementor-size-default\">Privacy policy<\/h2>\t\t\t\t<\/div>\n\t\t\t\t<\/div>\n\t\t\t\t<div class=\"elementor-element elementor-element-74edca71 elementor-widget elementor-widget-text-editor\" data-id=\"74edca71\" data-element_type=\"widget\" data-widget_type=\"text-editor.default\">\n\t\t\t\t<div class=\"elementor-widget-container\">\n\t\t\t\t\t\t\t\t\t<div dir=\"auto\"><p><strong>INFORMACI\u00d3N ADICIONAL<\/strong><\/p><p>En cumplimiento de la normativa de Protecci\u00f3n de Datos y teniendo en cuenta<\/p><p>las disposiciones del Reglamento (UE) 2016\/679 del Parlamento Europeo y del Consejo, de 27 de abril de 2016, relativo a la protecci\u00f3n de las personas f\u00edsicas en lo que respecta al tratamiento de datos personales y a la libre circulaci\u00f3n de estos datos y por el que deroga la Directiva 95\/46\/CE, especialmente sus art\u00edculos 13 y 14, a continuaci\u00f3n se le proporciona un cuadro informativo en que podr\u00e1 conocer todos los elementos relevante relativos al tratamiento de su datos:<\/p><p>RESPONSABLE<\/p><p>APARTAMENTOS DAMASQUEROS S.L.<\/p><p>CIF: B98857477<\/p><p>Calle Santa Mar\u00eda Micaela, 18-119 46008 Valencia, Valencia (Espa\u00f1a)<\/p><p>moises@nestyh.com<\/p><p>\u00a0<\/p><p><strong>FINALIDAD<\/strong><\/p><ul><li>Los datos facilitados se usar\u00e1n para llevar a cabo el servicio contratado.<\/li><li>Con el fin de mejorar nuestros servicios y poder ofrecerle una oferta personalizada acorde a sus preferencias e intereses, se le ofrece la posibilidad de recibir comunicaciones comerciales relativas a los servicios que ofrece esta empresa, as\u00ed como ofertas y promociones, elaborando un perfil relativos a sus h\u00e1bitos de consumo en base a la informaci\u00f3n que se suministra relativa a sus h\u00e1bitos de consumo.<\/li><li>Los datos ser\u00e1n conservados durante el periodo de desarrollo de la relaci\u00f3n contractual o, en su defecto, en tanto usted no revoque su consentimiento a este tratamiento.<\/li><li>No se prev\u00e9n ulteriores tratamientos ajenos a los indicados en la presente relaciones, tales como la remisi\u00f3n de informaci\u00f3n comercial o suscripciones a canales de informaci\u00f3n.<\/li><\/ul><p>\u00a0<\/p><p><strong>LEGITIMACI\u00d3N<\/strong><\/p><ul><li>La base legal para el tratamiento de sus datos obedece a la ejecuci\u00f3n del contrato de prestaci\u00f3n de servicios, que se desarrolla conforma a los t\u00e9rminos y cl\u00e1usulas indicadas en el mismo. A este respecto, la retirada de su consentimiento no puede condicionar dicha ejecuci\u00f3n, en tanto el contrato se mantenga vigente, siendo necesario el tiramiento de sus datos para su efectivo cumplimiento.<\/li><\/ul><p>\u00a0<\/p><p><strong>DESTINATARIOS<\/strong><\/p><ul><li>Sus datos ser\u00e1n comunicados de forma interna entre las distintas oficinas de la empresa para llevar a cabo los oportunos tr\u00e1mites y procesos administrativos.<\/li><li>No se prev\u00e9n transferencias internacionales de sus datos.<\/li><\/ul><p>\u00a0<\/p><p><strong>DERECHOS<\/strong><\/p><ul><li>Adem\u00e1s de los derechos de acceso, rectificaci\u00f3n, cancelaci\u00f3n o supresi\u00f3n, usted tiene derecho a portar sus datos y a recibir informaci\u00f3n de forma clara y transparente sobre el tratamiento que se realice sobre los mismos.<\/li><li>Usted tiene derecho a llevar a cabo cualquier reclamaci\u00f3n que estime conveniente ante la Autoridad de Control nacional, a la Agencia Espa\u00f1ola de Protecci\u00f3n de Datos (AEPD), la cual pone a disposici\u00f3n de los usuarios los oportunos medios para poder llevar a cabo este tr\u00e1mite. Puede obtener m\u00e1s informaci\u00f3n aqu\u00ed: <a href=\"https:\/\/www.agpd.es\/portalwebAGPD\/CanalDelCiudadano\/index-ides-%20idphp.php\"><u>https:\/\/www.agpd.es\/portalwebAGPD\/CanalDelCiudadano\/index-ides- idphp.php<\/u><\/a>.<\/li><\/ul><\/div>\t\t\t\t\t\t\t\t<\/div>\n\t\t\t\t<\/div>\n\t\t\t\t\t<\/div>\n\t\t<\/div>\n\t\t\t\t\t<\/div>\n\t\t<\/section>\n\t\t\t\t<\/div>\n\t\t","protected":false},"excerpt":{"rendered":"<p>Privacy policy INFORMACI\u00d3N ADICIONAL En cumplimiento de la normativa de Protecci\u00f3n de Datos y teniendo en cuenta las disposiciones del Reglamento (UE) 2016\/679 del Parlamento Europeo y del Consejo, de 27 de abril de 2016, relativo a la protecci\u00f3n de las personas f\u00edsicas en lo que respecta al tratamiento de datos personales y a la [&hellip;]<\/p>\n","protected":false},"author":2,"featured_media":0,"parent":0,"menu_order":0,"comment_status":"closed","ping_status":"closed","template":"","meta":{"inline_featured_image":false,"footnotes":""},"class_list":["post-4062","page","type-page","status-publish","hentry"],"yoast_head":"<!-- This site is optimized with the Yoast SEO plugin v24.5 - https:\/\/yoast.com\/wordpress\/plugins\/seo\/ -->\n<title>Privacy Policy Nest Flats Granada - Nest Style Hotels|Hotels in Granada, Santiago de Compostela and Zanzibar<\/title>\n<meta name=\"robots\" content=\"index, follow, max-snippet:-1, max-image-preview:large, max-video-preview:-1\" \/>\n<link rel=\"canonical\" href=\"https:\/\/neststylehotels.com\/en\/privacy-policy-nest-flats-granada\/\" \/>\n<meta property=\"og:locale\" content=\"en_US\" \/>\n<meta property=\"og:type\" content=\"article\" \/>\n<meta property=\"og:title\" content=\"Privacy Policy Nest Flats Granada - Nest Style Hotels|Hotels in Granada, Santiago de Compostela and Zanzibar\" \/>\n<meta property=\"og:description\" content=\"Privacy policy INFORMACI\u00d3N ADICIONAL En cumplimiento de la normativa de Protecci\u00f3n de Datos y teniendo en cuenta las disposiciones del Reglamento (UE) 2016\/679 del Parlamento Europeo y del Consejo, de 27 de abril de 2016, relativo a la protecci\u00f3n de las personas f\u00edsicas en lo que respecta al tratamiento de datos personales y a la [&hellip;]\" \/>\n<meta property=\"og:url\" content=\"https:\/\/neststylehotels.com\/en\/privacy-policy-nest-flats-granada\/\" \/>\n<meta property=\"og:site_name\" content=\"Nest Style Hotels|Hotels in Granada, Santiago de Compostela and Zanzibar\" \/>\n<meta property=\"article:modified_time\" content=\"2025-05-14T09:56:17+00:00\" \/>\n<meta name=\"twitter:card\" content=\"summary_large_image\" \/>\n<meta name=\"twitter:label1\" content=\"Est. reading time\" \/>\n\t<meta name=\"twitter:data1\" content=\"2 minutes\" \/>\n<script type=\"application\/ld+json\" class=\"yoast-schema-graph\">{\"@context\":\"https:\/\/schema.org\",\"@graph\":[{\"@type\":\"WebPage\",\"@id\":\"https:\/\/neststylehotels.com\/en\/privacy-policy-nest-flats-granada\/\",\"url\":\"https:\/\/neststylehotels.com\/en\/privacy-policy-nest-flats-granada\/\",\"name\":\"Privacy Policy Nest Flats Granada - Nest Style Hotels|Hotels in Granada, Santiago de Compostela and Zanzibar\",\"isPartOf\":{\"@id\":\"https:\/\/neststylehotels.com\/en\/#website\"},\"datePublished\":\"2025-02-26T12:58:36+00:00\",\"dateModified\":\"2025-05-14T09:56:17+00:00\",\"breadcrumb\":{\"@id\":\"https:\/\/neststylehotels.com\/en\/privacy-policy-nest-flats-granada\/#breadcrumb\"},\"inLanguage\":\"en-US\",\"potentialAction\":[{\"@type\":\"ReadAction\",\"target\":[\"https:\/\/neststylehotels.com\/en\/privacy-policy-nest-flats-granada\/\"]}]},{\"@type\":\"BreadcrumbList\",\"@id\":\"https:\/\/neststylehotels.com\/en\/privacy-policy-nest-flats-granada\/#breadcrumb\",\"itemListElement\":[{\"@type\":\"ListItem\",\"position\":1,\"name\":\"Inicio\",\"item\":\"https:\/\/neststylehotels.com\/en\/\"},{\"@type\":\"ListItem\",\"position\":2,\"name\":\"Privacy Policy Nest Flats Granada\"}]},{\"@type\":\"WebSite\",\"@id\":\"https:\/\/neststylehotels.com\/en\/#website\",\"url\":\"https:\/\/neststylehotels.com\/en\/\",\"name\":\"Nest Style Hotels|Hotels in Granada, Santiago de Compostela and Zanzibar\",\"description\":\"Nest Style Hotels\",\"publisher\":{\"@id\":\"https:\/\/neststylehotels.com\/en\/#organization\"},\"potentialAction\":[{\"@type\":\"SearchAction\",\"target\":{\"@type\":\"EntryPoint\",\"urlTemplate\":\"https:\/\/neststylehotels.com\/en\/?s={search_term_string}\"},\"query-input\":{\"@type\":\"PropertyValueSpecification\",\"valueRequired\":true,\"valueName\":\"search_term_string\"}}],\"inLanguage\":\"en-US\"},{\"@type\":\"Organization\",\"@id\":\"https:\/\/neststylehotels.com\/en\/#organization\",\"name\":\"Nest Style Hotels|Hotels in Granada, Santiago de Compostela and Zanzibar\",\"url\":\"https:\/\/neststylehotels.com\/en\/\",\"logo\":{\"@type\":\"ImageObject\",\"inLanguage\":\"en-US\",\"@id\":\"https:\/\/neststylehotels.com\/en\/#\/schema\/logo\/image\/\",\"url\":\"https:\/\/neststylehotels.com\/wp-content\/uploads\/2023\/03\/nest_logo_positivo.svg\",\"contentUrl\":\"https:\/\/neststylehotels.com\/wp-content\/uploads\/2023\/03\/nest_logo_positivo.svg\",\"width\":284.30000000000001136868377216160297393798828125,\"height\":130.280000000000001136868377216160297393798828125,\"caption\":\"Nest Style Hotels|Hotels in Granada, Santiago de Compostela and Zanzibar\"},\"image\":{\"@id\":\"https:\/\/neststylehotels.com\/en\/#\/schema\/logo\/image\/\"}}]}<\/script>\n<!-- \/ Yoast SEO plugin. -->","yoast_head_json":{"title":"Privacy Policy Nest Flats Granada - Nest Style Hotels|Hotels in Granada, Santiago de Compostela and Zanzibar","robots":{"index":"index","follow":"follow","max-snippet":"max-snippet:-1","max-image-preview":"max-image-preview:large","max-video-preview":"max-video-preview:-1"},"canonical":"https:\/\/neststylehotels.com\/en\/privacy-policy-nest-flats-granada\/","og_locale":"en_US","og_type":"article","og_title":"Privacy Policy Nest Flats Granada - Nest Style Hotels|Hotels in Granada, Santiago de Compostela and Zanzibar","og_description":"Privacy policy INFORMACI\u00d3N ADICIONAL En cumplimiento de la normativa de Protecci\u00f3n de Datos y teniendo en cuenta las disposiciones del Reglamento (UE) 2016\/679 del Parlamento Europeo y del Consejo, de 27 de abril de 2016, relativo a la protecci\u00f3n de las personas f\u00edsicas en lo que respecta al tratamiento de datos personales y a la [&hellip;]","og_url":"https:\/\/neststylehotels.com\/en\/privacy-policy-nest-flats-granada\/","og_site_name":"Nest Style Hotels|Hotels in Granada, Santiago de Compostela and Zanzibar","article_modified_time":"2025-05-14T09:56:17+00:00","twitter_card":"summary_large_image","twitter_misc":{"Est. reading time":"2 minutes"},"schema":{"@context":"https:\/\/schema.org","@graph":[{"@type":"WebPage","@id":"https:\/\/neststylehotels.com\/en\/privacy-policy-nest-flats-granada\/","url":"https:\/\/neststylehotels.com\/en\/privacy-policy-nest-flats-granada\/","name":"Privacy Policy Nest Flats Granada - Nest Style Hotels|Hotels in Granada, Santiago de Compostela and Zanzibar","isPartOf":{"@id":"https:\/\/neststylehotels.com\/en\/#website"},"datePublished":"2025-02-26T12:58:36+00:00","dateModified":"2025-05-14T09:56:17+00:00","breadcrumb":{"@id":"https:\/\/neststylehotels.com\/en\/privacy-policy-nest-flats-granada\/#breadcrumb"},"inLanguage":"en-US","potentialAction":[{"@type":"ReadAction","target":["https:\/\/neststylehotels.com\/en\/privacy-policy-nest-flats-granada\/"]}]},{"@type":"BreadcrumbList","@id":"https:\/\/neststylehotels.com\/en\/privacy-policy-nest-flats-granada\/#breadcrumb","itemListElement":[{"@type":"ListItem","position":1,"name":"Inicio","item":"https:\/\/neststylehotels.com\/en\/"},{"@type":"ListItem","position":2,"name":"Privacy Policy Nest Flats Granada"}]},{"@type":"WebSite","@id":"https:\/\/neststylehotels.com\/en\/#website","url":"https:\/\/neststylehotels.com\/en\/","name":"Nest Style Hotels|Hotels in Granada, Santiago de Compostela and Zanzibar","description":"Nest Style Hotels","publisher":{"@id":"https:\/\/neststylehotels.com\/en\/#organization"},"potentialAction":[{"@type":"SearchAction","target":{"@type":"EntryPoint","urlTemplate":"https:\/\/neststylehotels.com\/en\/?s={search_term_string}"},"query-input":{"@type":"PropertyValueSpecification","valueRequired":true,"valueName":"search_term_string"}}],"inLanguage":"en-US"},{"@type":"Organization","@id":"https:\/\/neststylehotels.com\/en\/#organization","name":"Nest Style Hotels|Hotels in Granada, Santiago de Compostela and Zanzibar","url":"https:\/\/neststylehotels.com\/en\/","logo":{"@type":"ImageObject","inLanguage":"en-US","@id":"https:\/\/neststylehotels.com\/en\/#\/schema\/logo\/image\/","url":"https:\/\/neststylehotels.com\/wp-content\/uploads\/2023\/03\/nest_logo_positivo.svg","contentUrl":"https:\/\/neststylehotels.com\/wp-content\/uploads\/2023\/03\/nest_logo_positivo.svg","width":284.30000000000001136868377216160297393798828125,"height":130.280000000000001136868377216160297393798828125,"caption":"Nest Style Hotels|Hotels in Granada, Santiago de Compostela and Zanzibar"},"image":{"@id":"https:\/\/neststylehotels.com\/en\/#\/schema\/logo\/image\/"}}]}},"_links":{"self":[{"href":"https:\/\/neststylehotels.com\/en\/wp-json\/wp\/v2\/pages\/4062","targetHints":{"allow":["GET"]}}],"collection":[{"href":"https:\/\/neststylehotels.com\/en\/wp-json\/wp\/v2\/pages"}],"about":[{"href":"https:\/\/neststylehotels.com\/en\/wp-json\/wp\/v2\/types\/page"}],"author":[{"embeddable":true,"href":"https:\/\/neststylehotels.com\/en\/wp-json\/wp\/v2\/users\/2"}],"replies":[{"embeddable":true,"href":"https:\/\/neststylehotels.com\/en\/wp-json\/wp\/v2\/comments?post=4062"}],"version-history":[{"count":4,"href":"https:\/\/neststylehotels.com\/en\/wp-json\/wp\/v2\/pages\/4062\/revisions"}],"predecessor-version":[{"id":4103,"href":"https:\/\/neststylehotels.com\/en\/wp-json\/wp\/v2\/pages\/4062\/revisions\/4103"}],"wp:attachment":[{"href":"https:\/\/neststylehotels.com\/en\/wp-json\/wp\/v2\/media?parent=4062"}],"curies":[{"name":"wp","href":"https:\/\/api.w.org\/{rel}","templated":true}]}}