{"id":4081,"date":"2024-06-25T17:54:32","date_gmt":"2024-06-25T15:54:32","guid":{"rendered":"https:\/\/neststylehotels.com\/terminos-y-condiciones-nest-style-santiago\/"},"modified":"2025-05-14T11:59:42","modified_gmt":"2025-05-14T09:59:42","slug":"terms-and-conditions-nest-style-santiago","status":"publish","type":"page","link":"https:\/\/neststylehotels.com\/en\/terms-and-conditions-nest-style-santiago\/","title":{"rendered":"Terms and Conditions Nest Style Santiago"},"content":{"rendered":"\t\t<div data-elementor-type=\"wp-page\" data-elementor-id=\"4081\" class=\"elementor elementor-4081 elementor-3059\" data-elementor-post-type=\"page\">\n\t\t\t\t\t\t<section class=\"elementor-section elementor-top-section elementor-element elementor-element-6a32fb8b elementor-section-height-min-height elementor-section-boxed elementor-section-height-default elementor-section-items-middle\" data-id=\"6a32fb8b\" data-element_type=\"section\" data-settings=\"{&quot;jet_parallax_layout_list&quot;:[],&quot;background_background&quot;:&quot;classic&quot;}\">\n\t\t\t\t\t\t<div class=\"elementor-container elementor-column-gap-default\">\n\t\t\t\t\t<div class=\"elementor-column elementor-col-100 elementor-top-column elementor-element elementor-element-3e0a114\" data-id=\"3e0a114\" data-element_type=\"column\">\n\t\t\t<div class=\"elementor-widget-wrap\">\n\t\t\t\t\t\t\t<\/div>\n\t\t<\/div>\n\t\t\t\t\t<\/div>\n\t\t<\/section>\n\t\t\t\t<section class=\"elementor-section elementor-top-section elementor-element elementor-element-406e3f35 elementor-section-height-min-height elementor-section-boxed elementor-section-height-default elementor-section-items-middle\" data-id=\"406e3f35\" data-element_type=\"section\" data-settings=\"{&quot;jet_parallax_layout_list&quot;:[],&quot;background_background&quot;:&quot;classic&quot;}\">\n\t\t\t\t\t\t<div class=\"elementor-container elementor-column-gap-default\">\n\t\t\t\t\t<div class=\"elementor-column elementor-col-100 elementor-top-column elementor-element elementor-element-7acbd62f\" data-id=\"7acbd62f\" data-element_type=\"column\">\n\t\t\t<div class=\"elementor-widget-wrap elementor-element-populated\">\n\t\t\t\t\t\t\t<\/div>\n\t\t<\/div>\n\t\t\t\t\t<\/div>\n\t\t<\/section>\n\t\t\t\t<section class=\"elementor-section elementor-top-section elementor-element elementor-element-6fff5da7 elementor-section-height-min-height elementor-section-boxed elementor-section-height-default elementor-section-items-middle\" data-id=\"6fff5da7\" data-element_type=\"section\" data-settings=\"{&quot;jet_parallax_layout_list&quot;:[]}\">\n\t\t\t\t\t\t<div class=\"elementor-container elementor-column-gap-default\">\n\t\t\t\t\t<div class=\"elementor-column elementor-col-100 elementor-top-column elementor-element elementor-element-4a8bb181\" data-id=\"4a8bb181\" data-element_type=\"column\">\n\t\t\t<div class=\"elementor-widget-wrap elementor-element-populated\">\n\t\t\t\t\t\t<div class=\"elementor-element elementor-element-2241a15e elementor-widget elementor-widget-heading\" data-id=\"2241a15e\" data-element_type=\"widget\" data-widget_type=\"heading.default\">\n\t\t\t\t<div class=\"elementor-widget-container\">\n\t\t\t\t\t<h2 class=\"elementor-heading-title elementor-size-default\">Terms and conditions<\/h2>\t\t\t\t<\/div>\n\t\t\t\t<\/div>\n\t\t\t\t<div class=\"elementor-element elementor-element-79b947a7 elementor-widget elementor-widget-text-editor\" data-id=\"79b947a7\" data-element_type=\"widget\" data-widget_type=\"text-editor.default\">\n\t\t\t\t<div class=\"elementor-widget-container\">\n\t\t\t\t\t\t\t\t\t<p>\u00a0<\/p><p><strong>NORMAS GENERALES<\/strong><\/p><p>\u00a0<\/p><p>Para mantener y preservar nuestra atm\u00f3sfera tranquila y relajada no aceptamos animales dom\u00e9sticos.<\/p><p>\u00a0<\/p><p>La direcci\u00f3n y los trabajadores de <strong>Nest Style Santiago<\/strong> se reservan el derecho de proporcionar alojamiento a cualquier persona as\u00ed como finalizar la estancia de cualquier hu\u00e9sped antes de lo previsto y en cualquier momento si no se siguen las normas de comportamiento establecidas, y en estos casos no habr\u00e1 ninguna devoluci\u00f3n o reembolso por nuestra parte.<\/p><p>\u00a0<\/p><p>Si hay cualquier desperfecto dentro de su habitaci\u00f3n o habitaciones Nest Style Santiago se reservara el derecho de cobrarle en su tarjeta de cr\u00e9dito el total de los desperfectos.<\/p><p>\u00a0<\/p><p>El pago aceptado en efectivo a la llegada al hotel es \u00fanicamente en EUROS. Sin excepciones.<\/p><p>\u00a0<\/p><p>Se cobrar\u00e1 con tu tarjeta de cr\u00e9dito:<\/p><p>\u00a0<\/p><p>1) En caso de NO SHOW (no presentado en el hotel sin cancelar) se le facturar\u00e1 la primera noche<\/p><p>\u00a0<\/p><p>2) Si cancela o cambia la fecha de su reserva\u00a0con menos de 48 horas (2 d\u00edas)\u00a0de su fecha de llegada (por ejemplo, despu\u00e9s de las 13h. del d\u00eda anterior al que est\u00e1 prevista su llegada). La cantidad que se cobrar\u00e1 ser\u00e1 el total de la primera noche de su reserva. Si una reserva se modifica o se cambia\u00a0avisando con menos de 48 horas antes de la fecha pertinente, la cantidad cobrada ser\u00e1 la equivalente al coste de la primera noche de la reserva original.<\/p><p>\u00a0<\/p><p>T\u00e9rminos y condiciones<\/p><p>\u00a0<\/p><p>&#8211; Entradas (Check-in): A partir de las 15h.<\/p><p>&#8211; Salidas (Check-out): Hasta las 12h<\/p><p>&#8211; Mascotas: No se admiten<\/p><p>\u00a0<\/p><p>Tarjetas de cr\u00e9dito aceptadas: Visa, Mastercard, 4B, 6000 y Maestro<\/p><p>\u00a0<\/p><p><strong>RESERVAS<\/strong><\/p><p>Una reserva de m\u00e1s de diez personas se considera: reserva de grupo, y no puede hacerse a trav\u00e9s de la p\u00e1gina web. Para las reservas de grupos, env\u00edenos un mail directamente.<\/p><p>\u00a0<\/p><p>Para que una reserva de grupo sea procesada hay que pagar el 30% de la misma. Hasta que no se realiza este primer pago la reserva no est\u00e1 confirmada y por lo tanto no hay habitaciones bloqueadas. No habr\u00e1 devoluci\u00f3n en caso de cancelar la reserva.<\/p><p>\u00a0<\/p><p>Tres semanas antes de la llegada del grupo al hotel, debe estar efectuado el pago \u00edntegro de la reserva, es decir, debe pagarse el 70% restante. Entre esos dos pagos puede realizar modificaciones en su reserva. Una vez realizado el segundo pago, ya no se aceptan cambios en la reserva, ni cancelaciones parciales o totales.<\/p><p>\u00a0<\/p><p>As\u00ed bien, nos reservamos el derecho de cancelar cualquier reserva si la informaci\u00f3n proporcionada es falsa o incorrecta.<\/p><p>\u00a0<\/p><p>Nos esforzamos al m\u00e1ximo para intentar acomodarle en el tipo de habitaci\u00f3n que has solicitado. A pesar de todo, debido a la naturaleza de nuestro negocio, puede que nos veamos obligados a acomodare en una habitaci\u00f3n de otro tipo. Como resultado, la cantidad total que debe pagarse en el momento de la llegada puede variar ligeramente con respecto a lo que aparece en tu confirmaci\u00f3n de reserva.<\/p><p>\u00a0<\/p><p>Las noches reservadas se pueden pagar en el momento de la llegada o de la salida al hotel(si es a la salida, se pedir\u00e1 los datos de tarjeta de cr\u00e9dito para cualquier anomal\u00edas que podr\u00edan suceder durante la estancia o por si el cliente decide irse sin pagar). Los walk in (directamente en el hotel) se tienen que pagar a la llegada al hotel.<\/p><p>\u00a0<\/p><p><strong>NORMAS GENERALES PARA CANCELACIONES<\/strong><\/p><p>\u00a0<\/p><p>Las cancelaciones deben efectuarse por fax o por correo electr\u00f3nico.<\/p><p>En cualquier caso, no aceptamos cancelaciones por tel\u00e9fono.<\/p><p>\u00a0<\/p><p>No efectuamos la reserva cuando la informaci\u00f3n es incorrecta. Nos reservamos el derecho de cancelar cualquier reserva si la informaci\u00f3n de la tarjeta de cr\u00e9dito es falsa o incorrecta. Si la informaci\u00f3n de la tarjeta de cr\u00e9dito dada en el primer momento no es v\u00e1lida (como en caso de p\u00e9rdida o robo de tarjeta), es responsabilidad del cliente informar a Nest Style Santiago de dichos cambios antes de la fecha de llegada. En caso de no ser informados se producir\u00e1 la cancelaci\u00f3n inmediata de la reserva.<\/p><p>\u00a0<\/p><p>Si la informaci\u00f3n personal proporcionada es incorrecta (pasaporte, sexo, edad, nacionalidad\u2026 ) nos reservamos el derecho de anular la reserva.<\/p><p>\u00a0<\/p><p><strong>POL\u00cdTICA DE CANCELACI\u00d3N<\/strong><\/p><p>\u00a0<\/p><p>Si cancelas o modificas la fecha de tu reserva con menos de 48h de antelaci\u00f3n, es decir, 2 d\u00edas antes de la fecha prevista de llegada, se cargar\u00e1 el 100% de la primera noche.<\/p><p>\u00a0<\/p><p>En cualquier caso, no aceptamos cancelaciones por tel\u00e9fono. Exclusivamente por escrito al correo electr\u00f3nico:booking@www.neststylesantiago.com<\/p><p>Pol\u00edtica de cancelaci\u00f3n de reservas hechas a trav\u00e9s de compa\u00f1\u00edas de internet externas<\/p><p>\u00a0<\/p><p>Las reservas hechas a trav\u00e9s de otras p\u00e1ginas o agencias (por ejemplo, Hostels Europe.com, Hostels.com, Hostels.net, Hostelworld.com, STA, VIP, etc.) s\u00f3lo pueden cancelarse a trav\u00e9s de dichas p\u00e1ginas o agencias.<\/p><p>\u00a0<\/p><p>Para reclamaciones del porcentaje o de la tasa de reserva pagada a la compa\u00f1\u00eda de reservas, debe contactar directamente con ellos.<\/p><p>Pol\u00edtica de cancelaci\u00f3n de reservas hechas a trav\u00e9s de nuestro propio sistema de reservas.<\/p><p>En caso de NO SHOW no se devuelve nada.<\/p><p>\u00a0<\/p><p>Los cambios realizados fuera del periodo de notificaci\u00f3n requerido, que\u00a0no debe ser menor a dos d\u00edas (48 horas)\u00a0para las reservas hechas a trav\u00e9s de nuestro sistema de reservas, tendr\u00e1n un coste del 50% de la cantidad total o el total equivalente a la reserva de la primera noche. La cantidad elegida ser\u00e1 la m\u00e1s elevada de ambas.<\/p><p>\u00a0<\/p><p>Los cambios realizados dentro del periodo de notificaci\u00f3n requerido, tendr\u00e1n un cargo del 20% debido a los costes administrativos y bancarios.<\/p><p>Para las devoluciones de dinero necesitamos los detalles bancarios completos para transferencias internacionales (SWIFT, IBAN, direcci\u00f3n, nombre, etc.). Nest Style Hotel pagar\u00e1 la comisi\u00f3n bancaria para transferencias internacionales, pero no su comisi\u00f3n bancaria local.<\/p><p>\u00a0<\/p><p><u>RESERVAS EN FECHAS ESPECIALES (Festivales, per\u00edodos con estancia m\u00ednima)<\/u><\/p><p>Las reservas para fechas especiales (como Semana Santa) se deben pagar por completo y por adelantado,<\/p><p>\u00a0<\/p><p><strong>POL\u00cdTICA DE CANCELACI\u00d3N<\/strong><\/p><p>\u00a0<\/p><p>Las cancelaciones de reservas con m\u00e1s de un mes de antelaci\u00f3n no tendr\u00e1n ning\u00fan cargo.<\/p><p>\u00a0<\/p><p>La cancelaci\u00f3n total de reservas con m\u00e1s de 15 d\u00edas y menos de 1 mes de antelaci\u00f3n tendr\u00e1n un cargo del 20% por gastos de gesti\u00f3n.<\/p><p>\u00a0<\/p><p>La cancelaci\u00f3n total o parcial de reservas con un aviso entre 15 d\u00edas y 2 d\u00edas antes de llegada al hotel tendr\u00e1n un cargo del 80% de la cantidad total de la reservada y\/o modificada.<\/p><p>\u00a0<\/p><p>Las cancelaciones totales o parciales de reservas con un aviso de menos de 2 d\u00edas o no shows, tienen un cargo del 100%<\/p><p>\u00a0<\/p><p><strong>COSAS IMPORTANTES QUE DEBE SABER<\/strong><\/p><p>\u00a0<\/p><p>La salida es a las 12h. A la gente que no salga a dicha hora se le cobrar\u00e1 en cualquier caso.<\/p><p>En caso de que vayas a llegar m\u00e1s tarde de lo que esperabas, por favor comun\u00edquenoslo para que sepamos su hora de llegada.<\/p><p>No enviamos cartas ni faxes para solicitudes de visado a los consulados.<\/p><p>\u00a0<\/p><p>Las reservas hechas por agentes de viajes a trav\u00e9s de nuestra p\u00e1gina web ser\u00e1n consideradas nulas.<\/p><p>Como hemos establecido en nuestra secci\u00f3n de preguntas frecuentes, debido a problemas que tuvimos en el pasado, los agentes y las agencias de viaje no pueden reservar alojamiento para sus clientes usando nuestro portal de reservas.<\/p><p>\u00a0<\/p><p>Los agentes de viajes o las agencias que quieran reservar alojamiento en Nest Style Santiago para sus clientes deben ponerse en contacto directamente con nuestros trabajadores mediante correo electr\u00f3nico.<\/p><p>NEST STYLE SANTIAGO<\/p><p>\u00a0<\/p><p>direccion@neststylesantiago.com\u00a0o\u00a0<a href=\"mailto:booking@neststylesantiago.com\"><u>booking@neststylesantiago.com<\/u><\/a><\/p><p>\u00a0<\/p>\t\t\t\t\t\t\t\t<\/div>\n\t\t\t\t<\/div>\n\t\t\t\t\t<\/div>\n\t\t<\/div>\n\t\t\t\t\t<\/div>\n\t\t<\/section>\n\t\t\t\t<\/div>\n\t\t","protected":false},"excerpt":{"rendered":"<p>Terms and conditions \u00a0 NORMAS GENERALES \u00a0 Para mantener y preservar nuestra atm\u00f3sfera tranquila y relajada no aceptamos animales dom\u00e9sticos. \u00a0 La direcci\u00f3n y los trabajadores de Nest Style Santiago se reservan el derecho de proporcionar alojamiento a cualquier persona as\u00ed como finalizar la estancia de cualquier hu\u00e9sped antes de lo previsto y en cualquier [&hellip;]<\/p>\n","protected":false},"author":4,"featured_media":0,"parent":0,"menu_order":0,"comment_status":"closed","ping_status":"closed","template":"","meta":{"inline_featured_image":false,"footnotes":""},"class_list":["post-4081","page","type-page","status-publish","hentry"],"yoast_head":"<!-- This site is optimized with the Yoast SEO plugin v24.5 - https:\/\/yoast.com\/wordpress\/plugins\/seo\/ -->\n<title>Terms and Conditions Nest Style Santiago - Nest Style Hotels|Hotels in Granada, Santiago de Compostela and Zanzibar<\/title>\n<meta name=\"robots\" content=\"index, follow, max-snippet:-1, max-image-preview:large, max-video-preview:-1\" \/>\n<link rel=\"canonical\" href=\"https:\/\/neststylehotels.com\/en\/terms-and-conditions-nest-style-santiago\/\" \/>\n<meta property=\"og:locale\" content=\"en_US\" \/>\n<meta property=\"og:type\" content=\"article\" \/>\n<meta property=\"og:title\" content=\"Terms and Conditions Nest Style Santiago - Nest Style Hotels|Hotels in Granada, Santiago de Compostela and Zanzibar\" \/>\n<meta property=\"og:description\" content=\"Terms and conditions \u00a0 NORMAS GENERALES \u00a0 Para mantener y preservar nuestra atm\u00f3sfera tranquila y relajada no aceptamos animales dom\u00e9sticos. \u00a0 La direcci\u00f3n y los trabajadores de Nest Style Santiago se reservan el derecho de proporcionar alojamiento a cualquier persona as\u00ed como finalizar la estancia de cualquier hu\u00e9sped antes de lo previsto y en cualquier [&hellip;]\" \/>\n<meta property=\"og:url\" content=\"https:\/\/neststylehotels.com\/en\/terms-and-conditions-nest-style-santiago\/\" \/>\n<meta property=\"og:site_name\" content=\"Nest Style Hotels|Hotels in Granada, Santiago de Compostela and Zanzibar\" \/>\n<meta property=\"article:modified_time\" content=\"2025-05-14T09:59:42+00:00\" \/>\n<meta name=\"twitter:card\" content=\"summary_large_image\" \/>\n<meta name=\"twitter:label1\" content=\"Est. reading time\" \/>\n\t<meta name=\"twitter:data1\" content=\"6 minutes\" \/>\n<script type=\"application\/ld+json\" class=\"yoast-schema-graph\">{\"@context\":\"https:\/\/schema.org\",\"@graph\":[{\"@type\":\"WebPage\",\"@id\":\"https:\/\/neststylehotels.com\/en\/terms-and-conditions-nest-style-santiago\/\",\"url\":\"https:\/\/neststylehotels.com\/en\/terms-and-conditions-nest-style-santiago\/\",\"name\":\"Terms and Conditions Nest Style Santiago - Nest Style Hotels|Hotels in Granada, Santiago de Compostela and Zanzibar\",\"isPartOf\":{\"@id\":\"https:\/\/neststylehotels.com\/en\/#website\"},\"datePublished\":\"2024-06-25T15:54:32+00:00\",\"dateModified\":\"2025-05-14T09:59:42+00:00\",\"breadcrumb\":{\"@id\":\"https:\/\/neststylehotels.com\/en\/terms-and-conditions-nest-style-santiago\/#breadcrumb\"},\"inLanguage\":\"en-US\",\"potentialAction\":[{\"@type\":\"ReadAction\",\"target\":[\"https:\/\/neststylehotels.com\/en\/terms-and-conditions-nest-style-santiago\/\"]}]},{\"@type\":\"BreadcrumbList\",\"@id\":\"https:\/\/neststylehotels.com\/en\/terms-and-conditions-nest-style-santiago\/#breadcrumb\",\"itemListElement\":[{\"@type\":\"ListItem\",\"position\":1,\"name\":\"Inicio\",\"item\":\"https:\/\/neststylehotels.com\/en\/\"},{\"@type\":\"ListItem\",\"position\":2,\"name\":\"Terms and Conditions Nest Style Santiago\"}]},{\"@type\":\"WebSite\",\"@id\":\"https:\/\/neststylehotels.com\/en\/#website\",\"url\":\"https:\/\/neststylehotels.com\/en\/\",\"name\":\"Nest Style Hotels|Hotels in Granada, Santiago de Compostela and Zanzibar\",\"description\":\"Nest Style Hotels\",\"publisher\":{\"@id\":\"https:\/\/neststylehotels.com\/en\/#organization\"},\"potentialAction\":[{\"@type\":\"SearchAction\",\"target\":{\"@type\":\"EntryPoint\",\"urlTemplate\":\"https:\/\/neststylehotels.com\/en\/?s={search_term_string}\"},\"query-input\":{\"@type\":\"PropertyValueSpecification\",\"valueRequired\":true,\"valueName\":\"search_term_string\"}}],\"inLanguage\":\"en-US\"},{\"@type\":\"Organization\",\"@id\":\"https:\/\/neststylehotels.com\/en\/#organization\",\"name\":\"Nest Style Hotels|Hotels in Granada, Santiago de Compostela and Zanzibar\",\"url\":\"https:\/\/neststylehotels.com\/en\/\",\"logo\":{\"@type\":\"ImageObject\",\"inLanguage\":\"en-US\",\"@id\":\"https:\/\/neststylehotels.com\/en\/#\/schema\/logo\/image\/\",\"url\":\"https:\/\/neststylehotels.com\/wp-content\/uploads\/2023\/03\/nest_logo_positivo.svg\",\"contentUrl\":\"https:\/\/neststylehotels.com\/wp-content\/uploads\/2023\/03\/nest_logo_positivo.svg\",\"width\":284.30000000000001136868377216160297393798828125,\"height\":130.280000000000001136868377216160297393798828125,\"caption\":\"Nest Style Hotels|Hotels in Granada, Santiago de Compostela and Zanzibar\"},\"image\":{\"@id\":\"https:\/\/neststylehotels.com\/en\/#\/schema\/logo\/image\/\"}}]}<\/script>\n<!-- \/ Yoast SEO plugin. -->","yoast_head_json":{"title":"Terms and Conditions Nest Style Santiago - Nest Style Hotels|Hotels in Granada, Santiago de Compostela and Zanzibar","robots":{"index":"index","follow":"follow","max-snippet":"max-snippet:-1","max-image-preview":"max-image-preview:large","max-video-preview":"max-video-preview:-1"},"canonical":"https:\/\/neststylehotels.com\/en\/terms-and-conditions-nest-style-santiago\/","og_locale":"en_US","og_type":"article","og_title":"Terms and Conditions Nest Style Santiago - Nest Style Hotels|Hotels in Granada, Santiago de Compostela and Zanzibar","og_description":"Terms and conditions \u00a0 NORMAS GENERALES \u00a0 Para mantener y preservar nuestra atm\u00f3sfera tranquila y relajada no aceptamos animales dom\u00e9sticos. \u00a0 La direcci\u00f3n y los trabajadores de Nest Style Santiago se reservan el derecho de proporcionar alojamiento a cualquier persona as\u00ed como finalizar la estancia de cualquier hu\u00e9sped antes de lo previsto y en cualquier [&hellip;]","og_url":"https:\/\/neststylehotels.com\/en\/terms-and-conditions-nest-style-santiago\/","og_site_name":"Nest Style Hotels|Hotels in Granada, Santiago de Compostela and Zanzibar","article_modified_time":"2025-05-14T09:59:42+00:00","twitter_card":"summary_large_image","twitter_misc":{"Est. reading time":"6 minutes"},"schema":{"@context":"https:\/\/schema.org","@graph":[{"@type":"WebPage","@id":"https:\/\/neststylehotels.com\/en\/terms-and-conditions-nest-style-santiago\/","url":"https:\/\/neststylehotels.com\/en\/terms-and-conditions-nest-style-santiago\/","name":"Terms and Conditions Nest Style Santiago - Nest Style Hotels|Hotels in Granada, Santiago de Compostela and Zanzibar","isPartOf":{"@id":"https:\/\/neststylehotels.com\/en\/#website"},"datePublished":"2024-06-25T15:54:32+00:00","dateModified":"2025-05-14T09:59:42+00:00","breadcrumb":{"@id":"https:\/\/neststylehotels.com\/en\/terms-and-conditions-nest-style-santiago\/#breadcrumb"},"inLanguage":"en-US","potentialAction":[{"@type":"ReadAction","target":["https:\/\/neststylehotels.com\/en\/terms-and-conditions-nest-style-santiago\/"]}]},{"@type":"BreadcrumbList","@id":"https:\/\/neststylehotels.com\/en\/terms-and-conditions-nest-style-santiago\/#breadcrumb","itemListElement":[{"@type":"ListItem","position":1,"name":"Inicio","item":"https:\/\/neststylehotels.com\/en\/"},{"@type":"ListItem","position":2,"name":"Terms and Conditions Nest Style Santiago"}]},{"@type":"WebSite","@id":"https:\/\/neststylehotels.com\/en\/#website","url":"https:\/\/neststylehotels.com\/en\/","name":"Nest Style Hotels|Hotels in Granada, Santiago de Compostela and Zanzibar","description":"Nest Style Hotels","publisher":{"@id":"https:\/\/neststylehotels.com\/en\/#organization"},"potentialAction":[{"@type":"SearchAction","target":{"@type":"EntryPoint","urlTemplate":"https:\/\/neststylehotels.com\/en\/?s={search_term_string}"},"query-input":{"@type":"PropertyValueSpecification","valueRequired":true,"valueName":"search_term_string"}}],"inLanguage":"en-US"},{"@type":"Organization","@id":"https:\/\/neststylehotels.com\/en\/#organization","name":"Nest Style Hotels|Hotels in Granada, Santiago de Compostela and Zanzibar","url":"https:\/\/neststylehotels.com\/en\/","logo":{"@type":"ImageObject","inLanguage":"en-US","@id":"https:\/\/neststylehotels.com\/en\/#\/schema\/logo\/image\/","url":"https:\/\/neststylehotels.com\/wp-content\/uploads\/2023\/03\/nest_logo_positivo.svg","contentUrl":"https:\/\/neststylehotels.com\/wp-content\/uploads\/2023\/03\/nest_logo_positivo.svg","width":284.30000000000001136868377216160297393798828125,"height":130.280000000000001136868377216160297393798828125,"caption":"Nest Style Hotels|Hotels in Granada, Santiago de Compostela and Zanzibar"},"image":{"@id":"https:\/\/neststylehotels.com\/en\/#\/schema\/logo\/image\/"}}]}},"_links":{"self":[{"href":"https:\/\/neststylehotels.com\/en\/wp-json\/wp\/v2\/pages\/4081","targetHints":{"allow":["GET"]}}],"collection":[{"href":"https:\/\/neststylehotels.com\/en\/wp-json\/wp\/v2\/pages"}],"about":[{"href":"https:\/\/neststylehotels.com\/en\/wp-json\/wp\/v2\/types\/page"}],"author":[{"embeddable":true,"href":"https:\/\/neststylehotels.com\/en\/wp-json\/wp\/v2\/users\/4"}],"replies":[{"embeddable":true,"href":"https:\/\/neststylehotels.com\/en\/wp-json\/wp\/v2\/comments?post=4081"}],"version-history":[{"count":4,"href":"https:\/\/neststylehotels.com\/en\/wp-json\/wp\/v2\/pages\/4081\/revisions"}],"predecessor-version":[{"id":4118,"href":"https:\/\/neststylehotels.com\/en\/wp-json\/wp\/v2\/pages\/4081\/revisions\/4118"}],"wp:attachment":[{"href":"https:\/\/neststylehotels.com\/en\/wp-json\/wp\/v2\/media?parent=4081"}],"curies":[{"name":"wp","href":"https:\/\/api.w.org\/{rel}","templated":true}]}}